{"id":1065,"date":"2025-07-08T09:00:13","date_gmt":"2025-07-08T09:00:13","guid":{"rendered":"https:\/\/teeheil.com\/product\/schwarztee-mit-minze\/"},"modified":"2025-07-08T09:00:13","modified_gmt":"2025-07-08T09:00:13","slug":"schwarztee-mit-minze","status":"publish","type":"product","link":"https:\/\/teeheil.com\/de\/produkt\/schwarztee-mit-minze\/","title":{"rendered":"Schwarztee mit Minze"},"content":{"rendered":"<p data-start=\"826\" data-end=\"1146\">Der<strong data-start=\"826\" data-end=\"854\"> Minz-Schwarztee von Teeheil<\/strong> ist eine meisterhaft komponierte Infusion, die den kr\u00e4ftigen, vollmundigen Geschmack von Premium-Schwarztee mit den k\u00fchlen, <strong data-start=\"936\" data-end=\"957\">erfrischenden Noten <\/strong>nat\u00fcrlicher Minzbl\u00e4tter vereint. Das Ergebnis ist ein sanftes, <strong data-start=\"993\" data-end=\"1016\">belebendes Getr\u00e4nk<\/strong>, das die Sinne erfrischt und gleichzeitig die wohltuende W\u00e4rme eines klassischen Aufgusses bietet. <\/p>\n<h4 data-start=\"1148\" data-end=\"1180\">Die Kraft der Einfachheit:<\/h4>\n<ul data-start=\"1181\" data-end=\"1464\">\n<li data-start=\"1181\" data-end=\"1350\">\n<p data-start=\"1183\" data-end=\"1350\"><strong data-start=\"1183\" data-end=\"1216\">Schwarztee (Camellia sinensis)<\/strong> bietet einen kr\u00e4ftigen Geschmack und nat\u00fcrliches Koffein, das die Wachsamkeit steigert, die Konzentration verbessert und den K\u00f6rper sanft belebt \u2013 ohne Nervosit\u00e4t.<\/p>\n<\/li>\n<li data-start=\"1351\" data-end=\"1464\">\n<p data-start=\"1353\" data-end=\"1464\"><strong data-start=\"1353\" data-end=\"1370\">Minze (Mentha) <\/strong>verleiht eine k\u00fchle, beruhigende Note, die die St\u00e4rke des Schwarztees ausgleicht und den Gaumen erfrischt.<\/p>\n<\/li>\n<\/ul>\n<p data-start=\"1466\" data-end=\"1585\">Diese elegante Fusion ergibt eine <strong data-start=\"1496\" data-end=\"1526\">erfrischende Schwarztee-Mischung<\/strong>, die sich perfekt f\u00fcr morgendliche Motivation und geistige Klarheit am Nachmittag eignet.<\/p>\n<h4 data-start=\"1587\" data-end=\"1608\">Wichtige Vorteile:<\/h4>\n<ul data-start=\"1609\" data-end=\"1832\">\n<li data-start=\"1609\" data-end=\"1659\">\n<p data-start=\"1611\" data-end=\"1659\">Nat\u00fcrlich belebend mit m\u00e4\u00dfigem Koffeingehalt<\/p>\n<\/li>\n<li data-start=\"1660\" data-end=\"1710\">\n<p data-start=\"1662\" data-end=\"1710\">Hilft, die Verdauung zu verbessern und Bl\u00e4hungen zu reduzieren<\/p>\n<\/li>\n<li data-start=\"1711\" data-end=\"1764\">\n<p data-start=\"1713\" data-end=\"1764\">Beruhigt den Geist mit einem frischen, belebenden Aroma<\/p>\n<\/li>\n<li data-start=\"1765\" data-end=\"1832\">\n<p data-start=\"1767\" data-end=\"1832\">Keine Zus\u00e4tze oder k\u00fcnstlichen Aromen \u2013 nur reiner Tee und Minze<\/p>\n<\/li>\n<\/ul>\n<h4 data-start=\"1834\" data-end=\"1861\">Serviervorschl\u00e4ge:<\/h4>\n<p data-start=\"1862\" data-end=\"1992\">Einen Teebeutel in frisch gekochtem Wasser 3\u20135 Minuten ziehen lassen. Am besten pur genie\u00dfen oder mit einem Hauch Honig oder Zitrone f\u00fcr eine besondere Note. <\/p>\n<h3 data-start=\"1999\" data-end=\"2042\">Warum Teeheils Minz-Schwarztee w\u00e4hlen?<\/h3>\n<p data-start=\"2043\" data-end=\"2407\">Unser <strong data-start=\"2047\" data-end=\"2065\">Minz-Schwarztee ist<\/strong> f\u00fcr alle gemacht, die das Gleichgewicht zwischen Intensit\u00e4t und Erfrischung lieben. Ob Sie Ihren Tag beginnen oder eine geschmackvolle Pause suchen \u2013 diese Mischung bietet Klarheit, Geschmack und Wohlbefinden in jeder Tasse. Mit Teeheils Verpflichtung zu reinen Zutaten und h\u00f6chster Qualit\u00e4t w\u00e4hlen Sie mehr als nur Tee \u2013 Sie entscheiden sich f\u00fcr ein Ritual der Vitalit\u00e4t.  <\/p>\n","protected":false},"excerpt":{"rendered":"<p>Der Minz-Schwarztee von Teeheil ist eine meisterhaft komponierte Infusion, die den kr\u00e4ftigen, vollmundigen Geschmack von Premium-Schwarztee mit den k\u00fchlen, erfrischenden Noten nat\u00fcrlicher Minzbl\u00e4tter vereint. Das Ergebnis ist ein sanftes, belebendes Getr\u00e4nk, das die Sinne erfrischt und gleichzeitig die wohltuende W\u00e4rme eines klassischen Aufgusses bietet. Die Kraft der Einfachheit: Schwarztee (Camellia sinensis) bietet einen kr\u00e4ftigen Geschmack [&hellip;]<\/p>\n","protected":false},"featured_media":229,"comment_status":"open","ping_status":"closed","template":"","meta":[],"product_brand":[],"product_cat":[43],"product_tag":[],"class_list":{"0":"post-1065","1":"product","2":"type-product","3":"status-publish","4":"has-post-thumbnail","6":"product_cat-schwarztee-mischung","8":"first","9":"instock","10":"shipping-taxable","11":"product-type-simple"},"_links":{"self":[{"href":"https:\/\/teeheil.com\/de\/wp-json\/wp\/v2\/product\/1065","targetHints":{"allow":["GET"]}}],"collection":[{"href":"https:\/\/teeheil.com\/de\/wp-json\/wp\/v2\/product"}],"about":[{"href":"https:\/\/teeheil.com\/de\/wp-json\/wp\/v2\/types\/product"}],"replies":[{"embeddable":true,"href":"https:\/\/teeheil.com\/de\/wp-json\/wp\/v2\/comments?post=1065"}],"wp:featuredmedia":[{"embeddable":true,"href":"https:\/\/teeheil.com\/de\/wp-json\/wp\/v2\/media\/229"}],"wp:attachment":[{"href":"https:\/\/teeheil.com\/de\/wp-json\/wp\/v2\/media?parent=1065"}],"wp:term":[{"taxonomy":"product_brand","embeddable":true,"href":"https:\/\/teeheil.com\/de\/wp-json\/wp\/v2\/product_brand?post=1065"},{"taxonomy":"product_cat","embeddable":true,"href":"https:\/\/teeheil.com\/de\/wp-json\/wp\/v2\/product_cat?post=1065"},{"taxonomy":"product_tag","embeddable":true,"href":"https:\/\/teeheil.com\/de\/wp-json\/wp\/v2\/product_tag?post=1065"}],"curies":[{"name":"wp","href":"https:\/\/api.w.org\/{rel}","templated":true}]}}