{"id":1066,"date":"2025-07-08T09:06:15","date_gmt":"2025-07-08T09:06:15","guid":{"rendered":"https:\/\/teeheil.com\/product\/pfefferminz-gruentee\/"},"modified":"2025-07-08T09:06:15","modified_gmt":"2025-07-08T09:06:15","slug":"pfefferminz-gruentee","status":"publish","type":"product","link":"https:\/\/teeheil.com\/de\/produkt\/pfefferminz-gruentee\/","title":{"rendered":"Pfefferminz-Gr\u00fcntee"},"content":{"rendered":"<p data-start=\"761\" data-end=\"1059\"><strong data-start=\"761\" data-end=\"796\">Der Pfefferminz-Gr\u00fcntee von Teeheil<\/strong> ist eine belebende Infusion, die den leichten, grasigen Geschmack von hochwertigem Gr\u00fcntee mit den frischen, anregenden Noten reiner <strong data-start=\"877\" data-end=\"890\">Pfefferminzbl\u00e4tter<\/strong> kombiniert. Diese elegante <strong data-start=\"929\" data-end=\"955\">Mischung wurde entwickelt<\/strong>, um die Sinne zu wecken, den Magen zu beruhigen und Klarheit in Ihren Tag zu bringen. <\/p>\n<h4 data-start=\"1061\" data-end=\"1089\">Die perfekte Kombination:<\/h4>\n<ul data-start=\"1090\" data-end=\"1370\">\n<li data-start=\"1090\" data-end=\"1224\">\n<p data-start=\"1092\" data-end=\"1224\"><strong data-start=\"1092\" data-end=\"1125\">Gr\u00fcntee (Camellia sinensis) <\/strong>ist reich an Antioxidantien und bietet einen sanften, klaren Koffeinschub, der die Konzentration und den Stoffwechsel f\u00f6rdert.<\/p>\n<\/li>\n<li data-start=\"1225\" data-end=\"1370\">\n<p data-start=\"1227\" data-end=\"1370\"><strong data-start=\"1227\" data-end=\"1259\">Pfefferminze (Mentha piperita)<\/strong> verleiht einen nat\u00fcrlich s\u00fc\u00dfen, k\u00fchlenden Geschmack, der das Verdauungssystem entspannt und Atem sowie Stimmung erfrischt.<\/p>\n<\/li>\n<\/ul>\n<p data-start=\"1372\" data-end=\"1536\">Ob Sie nach einer Mahlzeit einen Moment der Ruhe suchen oder sich mittags ohne die Intensit\u00e4t von Kaffee beleben m\u00f6chten \u2013 <strong data-start=\"1475\" data-end=\"1509\">der Pfefferminz-Gr\u00fcntee von Teeheil<\/strong> ist Ihr perfekter Begleiter.<\/p>\n<h4 data-start=\"1538\" data-end=\"1559\">Wichtige Vorteile:<\/h4>\n<ul data-start=\"1560\" data-end=\"1754\">\n<li data-start=\"1560\" data-end=\"1605\">\n<p data-start=\"1562\" data-end=\"1605\">Nat\u00fcrlich k\u00fchlender und erfrischender Geschmack<\/p>\n<\/li>\n<li data-start=\"1606\" data-end=\"1652\">\n<p data-start=\"1608\" data-end=\"1652\">Unterst\u00fctzt die Verdauung und reduziert Bl\u00e4hungen<\/p>\n<\/li>\n<li data-start=\"1653\" data-end=\"1696\">\n<p data-start=\"1655\" data-end=\"1696\">Sanfter Energieschub ohne Einbruch<\/p>\n<\/li>\n<li data-start=\"1697\" data-end=\"1754\">\n<p data-start=\"1699\" data-end=\"1754\">Koffeinfreundlich und frei von k\u00fcnstlichen Zusatzstoffen<\/p>\n<\/li>\n<\/ul>\n<h4 data-start=\"1756\" data-end=\"1776\">Genuss-Empfehlung:<\/h4>\n<p data-start=\"1777\" data-end=\"2000\">Einen Teebeutel in hei\u00dfem (aber nicht kochendem) Wasser \u2013 etwa 80\u00b0C \u2013 f\u00fcr 2\u20133 Minuten ziehen lassen, um den feinen Geschmack des Gr\u00fcntees und das volle Aroma der Pfefferminze zu bewahren. Am besten pur genie\u00dfen oder mit einer Scheibe Limette f\u00fcr eine spritzige Note. <\/p>\n<h3 data-start=\"2007\" data-end=\"2033\">Warum Teeheil w\u00e4hlen?<\/h3>\n<p data-start=\"2034\" data-end=\"2264\">Bei Teeheil ist jede Mischung ein Fest der Einfachheit und Kraft der Natur. Unser <strong data-start=\"2113\" data-end=\"2137\">Pfefferminz-Gr\u00fcntee<\/strong> ist ein reiner, lebendiger Ausdruck von Wohlbefinden \u2013 vom morgendlichen Ritual bis zur abendlichen Entspannung. Schmecken Sie die Klarheit, sp\u00fcren Sie die Frische.  <\/p>\n","protected":false},"excerpt":{"rendered":"<p>Der Pfefferminz-Gr\u00fcntee von Teeheil ist eine belebende Infusion, die den leichten, grasigen Geschmack von hochwertigem Gr\u00fcntee mit den frischen, anregenden Noten reiner Pfefferminzbl\u00e4tter kombiniert. Diese elegante Mischung wurde entwickelt, um die Sinne zu wecken, den Magen zu beruhigen und Klarheit in Ihren Tag zu bringen. Die perfekte Kombination: Gr\u00fcntee (Camellia sinensis) ist reich an Antioxidantien [&hellip;]<\/p>\n","protected":false},"featured_media":232,"comment_status":"open","ping_status":"closed","template":"","meta":[],"product_brand":[],"product_cat":[42],"product_tag":[],"class_list":{"0":"post-1066","1":"product","2":"type-product","3":"status-publish","4":"has-post-thumbnail","6":"product_cat-gruntee-mischung","8":"first","9":"instock","10":"shipping-taxable","11":"product-type-simple"},"_links":{"self":[{"href":"https:\/\/teeheil.com\/de\/wp-json\/wp\/v2\/product\/1066","targetHints":{"allow":["GET"]}}],"collection":[{"href":"https:\/\/teeheil.com\/de\/wp-json\/wp\/v2\/product"}],"about":[{"href":"https:\/\/teeheil.com\/de\/wp-json\/wp\/v2\/types\/product"}],"replies":[{"embeddable":true,"href":"https:\/\/teeheil.com\/de\/wp-json\/wp\/v2\/comments?post=1066"}],"wp:featuredmedia":[{"embeddable":true,"href":"https:\/\/teeheil.com\/de\/wp-json\/wp\/v2\/media\/232"}],"wp:attachment":[{"href":"https:\/\/teeheil.com\/de\/wp-json\/wp\/v2\/media?parent=1066"}],"wp:term":[{"taxonomy":"product_brand","embeddable":true,"href":"https:\/\/teeheil.com\/de\/wp-json\/wp\/v2\/product_brand?post=1066"},{"taxonomy":"product_cat","embeddable":true,"href":"https:\/\/teeheil.com\/de\/wp-json\/wp\/v2\/product_cat?post=1066"},{"taxonomy":"product_tag","embeddable":true,"href":"https:\/\/teeheil.com\/de\/wp-json\/wp\/v2\/product_tag?post=1066"}],"curies":[{"name":"wp","href":"https:\/\/api.w.org\/{rel}","templated":true}]}}