{"id":1069,"date":"2025-07-08T09:28:03","date_gmt":"2025-07-08T09:28:03","guid":{"rendered":"https:\/\/teeheil.com\/product\/damaszener-rosen-rosmarin-gruentee\/"},"modified":"2025-07-08T09:28:03","modified_gmt":"2025-07-08T09:28:03","slug":"damaszener-rosen-rosmarin-gruentee","status":"publish","type":"product","link":"https:\/\/teeheil.com\/de\/produkt\/damaszener-rosen-rosmarin-gruentee\/","title":{"rendered":"Damaszener-Rosen-Rosmarin-Gr\u00fcntee"},"content":{"rendered":"<p data-start=\"798\" data-end=\"1142\"><strong data-start=\"798\" data-end=\"843\">Der Damaszener-Rosen-Rosmarin-Gr\u00fcntee<\/strong> von Teeheil ist eine raffinierte Kr\u00e4utermischung, die die zarte S\u00fc\u00dfe der Bl\u00fctenbl\u00e4tter der <strong data-start=\"923\" data-end=\"945\">Damaszener-Rose<\/strong>, die erdige, aromatische Tiefe des Rosmarins und die klare Frische des <strong data-start=\"977\" data-end=\"989\">Gr\u00fcntees vereint<\/strong>. Diese luxuri\u00f6se Infusion wurde f\u00fcr alle entwickelt, die in jeder <strong data-start=\"1017\" data-end=\"1030\">Tasse sowohl<\/strong> Entspannung als auch sanfte Belebung suchen. <\/p>\n<h4 data-start=\"1144\" data-end=\"1170\">Ein harmonisches Trio:<\/h4>\n<ul data-start=\"1171\" data-end=\"1603\">\n<li data-start=\"1171\" data-end=\"1327\">\n<p data-start=\"1173\" data-end=\"1327\"><strong data-start=\"1173\" data-end=\"1205\">Die Damaszener-Rose (Rosa damascena) <\/strong>wird f\u00fcr ihren eleganten Bl\u00fctenduft und ihre beruhigenden Eigenschaften gesch\u00e4tzt. Sie beruhigt sanft den Geist und f\u00f6rdert das emotionale Gleichgewicht. <\/p>\n<\/li>\n<li data-start=\"1328\" data-end=\"1473\">\n<p data-start=\"1330\" data-end=\"1473\"><strong data-start=\"1330\" data-end=\"1367\"> Rosmarin (Rosmarinus officinalis)<\/strong> verleiht ein w\u00fcrziges, harziges Aroma mit nat\u00fcrlichen Inhaltsstoffen, die das Ged\u00e4chtnis, die Durchblutung und die geistige Klarheit unterst\u00fctzen.<\/p>\n<\/li>\n<li data-start=\"1474\" data-end=\"1603\">\n<p data-start=\"1476\" data-end=\"1603\"><strong data-start=\"1476\" data-end=\"1509\">Gr\u00fcntee (Camellia sinensis) <\/strong>bereichert die Mischung mit Antioxidantien und einem sanften Energieschub \u2013 dezent, gleichm\u00e4\u00dfig und beruhigend.<\/p>\n<\/li>\n<\/ul>\n<p data-start=\"1605\" data-end=\"1723\">Diese <strong data-start=\"1610\" data-end=\"1636\">blumige Gr\u00fcntee-Mischung <\/strong>ist ideal f\u00fcr ruhige Morgenstunden, kreative Nachmittage oder achtsame Momente am Abend.<\/p>\n<h4 data-start=\"1725\" data-end=\"1746\">Wichtige Vorteile:<\/h4>\n<ul data-start=\"1747\" data-end=\"1941\">\n<li data-start=\"1747\" data-end=\"1793\">\n<p data-start=\"1749\" data-end=\"1793\">F\u00f6rdert Ruhe und emotionales Gleichgewicht<\/p>\n<\/li>\n<li data-start=\"1794\" data-end=\"1832\">\n<p data-start=\"1796\" data-end=\"1832\">Unterst\u00fctzt Konzentration und Gehirngesundheit<\/p>\n<\/li>\n<li data-start=\"1833\" data-end=\"1879\">\n<p data-start=\"1835\" data-end=\"1879\">Reich an Antioxidantien f\u00fcr das t\u00e4gliche Wohlbefinden<\/p>\n<\/li>\n<li data-start=\"1880\" data-end=\"1941\">\n<p data-start=\"1882\" data-end=\"1941\">Koffeinarm und 100 % frei von k\u00fcnstlichen Inhaltsstoffen<\/p>\n<\/li>\n<\/ul>\n<h4 data-start=\"1943\" data-end=\"1971\">Zubereitungshinweise:<\/h4>\n<p data-start=\"1972\" data-end=\"2123\">Einen Teebeutel in 80\u00b0C hei\u00dfem Wasser 2\u20133 Minuten ziehen lassen. Nicht zu lange ziehen lassen, um die feinen blumigen und kr\u00e4uterigen Noten zu bewahren. Pur genie\u00dfen oder mit einem Hauch Honig.  <\/p>\n<h3 data-start=\"2130\" data-end=\"2156\">Warum Teeheil w\u00e4hlen?<\/h3>\n<p data-start=\"2157\" data-end=\"2427\">Bei Teeheil glauben wir, dass Tee mehr ist als nur ein Getr\u00e4nk \u2013 er ist ein Ritual voller Sch\u00f6nheit, Klarheit und Achtsamkeit. Unser Damaszener-Rosen-Rosmarin-Gr\u00fcntee ist eine Feier der sanftesten Gaben der Natur. Lassen Sie sich von ihm beruhigen, Ihre Sinne wecken und Ihren Tag mit jeder <strong data-start=\"2255\" data-end=\"2289\">duftenden Tasse bereichern.<\/strong>  <\/p>\n","protected":false},"excerpt":{"rendered":"<p>Der Damaszener-Rosen-Rosmarin-Gr\u00fcntee von Teeheil ist eine raffinierte Kr\u00e4utermischung, die die zarte S\u00fc\u00dfe der Bl\u00fctenbl\u00e4tter der Damaszener-Rose, die erdige, aromatische Tiefe des Rosmarins und die klare Frische des Gr\u00fcntees vereint. Diese luxuri\u00f6se Infusion wurde f\u00fcr alle entwickelt, die in jeder Tasse sowohl Entspannung als auch sanfte Belebung suchen. Ein harmonisches Trio: Die Damaszener-Rose (Rosa damascena) wird [&hellip;]<\/p>\n","protected":false},"featured_media":241,"comment_status":"open","ping_status":"closed","template":"","meta":[],"product_brand":[],"product_cat":[42],"product_tag":[],"class_list":{"0":"post-1069","1":"product","2":"type-product","3":"status-publish","4":"has-post-thumbnail","6":"product_cat-gruntee-mischung","8":"first","9":"instock","10":"shipping-taxable","11":"product-type-simple"},"_links":{"self":[{"href":"https:\/\/teeheil.com\/de\/wp-json\/wp\/v2\/product\/1069","targetHints":{"allow":["GET"]}}],"collection":[{"href":"https:\/\/teeheil.com\/de\/wp-json\/wp\/v2\/product"}],"about":[{"href":"https:\/\/teeheil.com\/de\/wp-json\/wp\/v2\/types\/product"}],"replies":[{"embeddable":true,"href":"https:\/\/teeheil.com\/de\/wp-json\/wp\/v2\/comments?post=1069"}],"wp:featuredmedia":[{"embeddable":true,"href":"https:\/\/teeheil.com\/de\/wp-json\/wp\/v2\/media\/241"}],"wp:attachment":[{"href":"https:\/\/teeheil.com\/de\/wp-json\/wp\/v2\/media?parent=1069"}],"wp:term":[{"taxonomy":"product_brand","embeddable":true,"href":"https:\/\/teeheil.com\/de\/wp-json\/wp\/v2\/product_brand?post=1069"},{"taxonomy":"product_cat","embeddable":true,"href":"https:\/\/teeheil.com\/de\/wp-json\/wp\/v2\/product_cat?post=1069"},{"taxonomy":"product_tag","embeddable":true,"href":"https:\/\/teeheil.com\/de\/wp-json\/wp\/v2\/product_tag?post=1069"}],"curies":[{"name":"wp","href":"https:\/\/api.w.org\/{rel}","templated":true}]}}