{"id":1071,"date":"2025-07-08T09:50:19","date_gmt":"2025-07-08T09:50:19","guid":{"rendered":"https:\/\/teeheil.com\/product\/schwarztee-mit-sauerkirsche\/"},"modified":"2025-07-08T09:50:19","modified_gmt":"2025-07-08T09:50:19","slug":"schwarztee-mit-sauerkirsche","status":"publish","type":"product","link":"https:\/\/teeheil.com\/de\/produkt\/schwarztee-mit-sauerkirsche\/","title":{"rendered":"Schwarztee mit Sauerkirsche"},"content":{"rendered":"<p data-start=\"792\" data-end=\"1129\"><strong data-start=\"792\" data-end=\"828\">Der Sauerkirsch-Schwarztee von Teeheil<\/strong> ist eine lebendige und fruchtige Mischung, die dem klassischen Schwarztee eine k\u00fchne neue Note verleiht. <strong data-start=\"922\" data-end=\"949\">Hergestellt mit echten<\/strong> Sauerkirschst\u00fccken und <strong data-start=\"954\" data-end=\"982\">Premium-Schwarzteebl\u00e4tter<\/strong>n, bietet diese Infusion ein tiefes, fruchtiges Aroma mit einem angenehm s\u00e4uerlichen Abgang \u2013 ideal f\u00fcr alle, die sich etwas mehr Spannung in ihrer Tasse w\u00fcnschen. <\/p>\n<h4 data-start=\"1131\" data-end=\"1157\">Ein Geschmack, der begeistert:<\/h4>\n<ul data-start=\"1158\" data-end=\"1438\">\n<li data-start=\"1158\" data-end=\"1307\">\n<p data-start=\"1160\" data-end=\"1307\"><strong data-start=\"1160\" data-end=\"1194\">Sauerkirschen (Prunus cerasus) <\/strong>verleihen einen Ausbruch von s\u00fc\u00df-s\u00e4uerlichem Geschmack, sind reich an Antioxidantien und bekannt f\u00fcr ihre erfrischende Wirkung auf den Gaumen.<\/p>\n<\/li>\n<li data-start=\"1308\" data-end=\"1438\">\n<p data-start=\"1310\" data-end=\"1438\"><strong data-start=\"1310\" data-end=\"1343\">Schwarztee (Camellia sinensis)<\/strong> bringt Tiefe, Intensit\u00e4t und nat\u00fcrliches Koffein, das f\u00fcr gleichm\u00e4\u00dfige Energie und Konzentration im Laufe des Tages sorgt.<\/p>\n<\/li>\n<\/ul>\n<p data-start=\"1440\" data-end=\"1574\">Das Ergebnis ist eine<strong data-start=\"1456\" data-end=\"1482\"> fruchtige Schwarztee-Mischung<\/strong>, die sich perfekt f\u00fcr Eistee, kleine Energiesch\u00fcbe am Nachmittag oder in Kombination mit s\u00fc\u00dfen und herzhaften Snacks eignet.<\/p>\n<h4 data-start=\"1581\" data-end=\"1602\">Wichtige Vorteile:<\/h4>\n<ul data-start=\"1603\" data-end=\"1762\">\n<li data-start=\"1603\" data-end=\"1649\">\n<p data-start=\"1605\" data-end=\"1649\">Helles, s\u00e4uerliches und fruchtiges Geschmacksprofil<\/p>\n<\/li>\n<li data-start=\"1650\" data-end=\"1686\">\n<p data-start=\"1652\" data-end=\"1686\">Nat\u00fcrliche Energie aus Schwarztee<\/p>\n<\/li>\n<li data-start=\"1687\" data-end=\"1718\">\n<p data-start=\"1689\" data-end=\"1718\">Reich an Antioxidantien<\/p>\n<\/li>\n<li data-start=\"1719\" data-end=\"1762\">\n<p data-start=\"1721\" data-end=\"1762\">Ohne Zuckerzusatz, ohne k\u00fcnstliche Aromen<\/p>\n<\/li>\n<\/ul>\n<h4 data-start=\"1769\" data-end=\"1797\">Zubereitungshinweise:<\/h4>\n<p data-start=\"1798\" data-end=\"1934\">Einen Teebeutel in frisch gekochtem Wasser 3\u20135 Minuten ziehen lassen. Hei\u00df genie\u00dfen oder \u00fcber Eis abk\u00fchlen lassen f\u00fcr ein erfrischendes Sommergetr\u00e4nk. <\/p>\n<h3 data-start=\"1941\" data-end=\"1967\">Warum Teeheil w\u00e4hlen?<\/h3>\n<p data-start=\"1968\" data-end=\"2164\">Bei Teeheil verbinden wir Tradition mit kr\u00e4ftigem Geschmack. Der <strong data-start=\"2017\" data-end=\"2042\">Sauerkirsch-Schwarztee<\/strong> ist f\u00fcr alle gemacht, die reichhaltige, fruchtige Aufg\u00fcsse lieben, die Energie spenden und zufriedenstellen. Es ist nicht nur Tee \u2013 es ist ein Geschmacksabenteuer. <\/p>\n","protected":false},"excerpt":{"rendered":"<p>Der Sauerkirsch-Schwarztee von Teeheil ist eine lebendige und fruchtige Mischung, die dem klassischen Schwarztee eine k\u00fchne neue Note verleiht. Hergestellt mit echten Sauerkirschst\u00fccken und Premium-Schwarzteebl\u00e4ttern, bietet diese Infusion ein tiefes, fruchtiges Aroma mit einem angenehm s\u00e4uerlichen Abgang \u2013 ideal f\u00fcr alle, die sich etwas mehr Spannung in ihrer Tasse w\u00fcnschen. Ein Geschmack, der begeistert: Sauerkirschen [&hellip;]<\/p>\n","protected":false},"featured_media":247,"comment_status":"open","ping_status":"closed","template":"","meta":[],"product_brand":[],"product_cat":[43],"product_tag":[],"class_list":{"0":"post-1071","1":"product","2":"type-product","3":"status-publish","4":"has-post-thumbnail","6":"product_cat-schwarztee-mischung","8":"first","9":"instock","10":"shipping-taxable","11":"product-type-simple"},"_links":{"self":[{"href":"https:\/\/teeheil.com\/de\/wp-json\/wp\/v2\/product\/1071","targetHints":{"allow":["GET"]}}],"collection":[{"href":"https:\/\/teeheil.com\/de\/wp-json\/wp\/v2\/product"}],"about":[{"href":"https:\/\/teeheil.com\/de\/wp-json\/wp\/v2\/types\/product"}],"replies":[{"embeddable":true,"href":"https:\/\/teeheil.com\/de\/wp-json\/wp\/v2\/comments?post=1071"}],"wp:featuredmedia":[{"embeddable":true,"href":"https:\/\/teeheil.com\/de\/wp-json\/wp\/v2\/media\/247"}],"wp:attachment":[{"href":"https:\/\/teeheil.com\/de\/wp-json\/wp\/v2\/media?parent=1071"}],"wp:term":[{"taxonomy":"product_brand","embeddable":true,"href":"https:\/\/teeheil.com\/de\/wp-json\/wp\/v2\/product_brand?post=1071"},{"taxonomy":"product_cat","embeddable":true,"href":"https:\/\/teeheil.com\/de\/wp-json\/wp\/v2\/product_cat?post=1071"},{"taxonomy":"product_tag","embeddable":true,"href":"https:\/\/teeheil.com\/de\/wp-json\/wp\/v2\/product_tag?post=1071"}],"curies":[{"name":"wp","href":"https:\/\/api.w.org\/{rel}","templated":true}]}}