{"id":1073,"date":"2025-07-08T10:15:21","date_gmt":"2025-07-08T10:15:21","guid":{"rendered":"https:\/\/teeheil.com\/product\/zimt-schwarztee\/"},"modified":"2025-07-08T10:15:21","modified_gmt":"2025-07-08T10:15:21","slug":"zimt-schwarztee","status":"publish","type":"product","link":"https:\/\/teeheil.com\/de\/produkt\/zimt-schwarztee\/","title":{"rendered":"Zimt-Schwarztee"},"content":{"rendered":"<p data-start=\"826\" data-end=\"1084\"><strong data-start=\"826\" data-end=\"858\"> Der Zimt-Schwarztee von Teeheil <\/strong>ist eine aromatisch reichhaltige Mischung, die die kr\u00e4ftige Tiefe von <strong data-start=\"920\" data-end=\"946\">hochwertigem Schwarztee<\/strong> mit der nat\u00fcrlichen W\u00e4rme und <strong data-start=\"984\" data-end=\"1006\">W\u00fcrze echter Zimtrinde<\/strong> vereint. Er ist kr\u00e4ftig, gem\u00fctlich und perfekt f\u00fcr Momente, in denen Sie Trost mit einer w\u00fcrzigen Note suchen. <\/p>\n<h4 data-start=\"1086\" data-end=\"1115\">Ein wohltuender Klassiker:<\/h4>\n<ul data-start=\"1116\" data-end=\"1395\">\n<li data-start=\"1116\" data-end=\"1265\">\n<p data-start=\"1118\" data-end=\"1265\"><strong data-start=\"1118\" data-end=\"1149\"> Zimt (Cinnamomum verum)<\/strong> verleiht eine w\u00e4rmende, leicht s\u00fc\u00dfe W\u00fcrze, die f\u00fcr ihre Unterst\u00fctzung der Verdauung, die Regulierung des Blutzuckers und die beruhigende Wirkung auf den K\u00f6rper bekannt ist.<\/p>\n<\/li>\n<li data-start=\"1266\" data-end=\"1395\">\n<p data-start=\"1268\" data-end=\"1395\"><strong data-start=\"1268\" data-end=\"1301\">Schwarztee (Camellia sinensis)<\/strong> bringt einen kr\u00e4ftigen Geschmack und einen klaren Koffeinkick, ideal f\u00fcr geistige Klarheit und anhaltende Energie.<\/p>\n<\/li>\n<\/ul>\n<p data-start=\"1397\" data-end=\"1538\">Diese <strong data-start=\"1402\" data-end=\"1428\">gew\u00fcrzte Schwarztee-Mischung <\/strong>ist Ihr perfekter Begleiter an k\u00fchlen Morgen, ruhigen Nachmittagen oder immer dann, wenn Ihre Seele einen kleinen Funken braucht.<\/p>\n<h4 data-start=\"1545\" data-end=\"1566\">Wichtige Vorteile:<\/h4>\n<ul data-start=\"1567\" data-end=\"1733\">\n<li data-start=\"1567\" data-end=\"1606\">\n<p data-start=\"1569\" data-end=\"1606\">Nat\u00fcrlich w\u00e4rmend und wohltuend<\/p>\n<\/li>\n<li data-start=\"1607\" data-end=\"1637\">\n<p data-start=\"1609\" data-end=\"1637\">Steigert Energie und Konzentration<\/p>\n<\/li>\n<li data-start=\"1638\" data-end=\"1685\">\n<p data-start=\"1640\" data-end=\"1685\">Unterst\u00fctzt die Verdauung und bringt den K\u00f6rper ins Gleichgewicht<\/p>\n<\/li>\n<li data-start=\"1686\" data-end=\"1733\">\n<p data-start=\"1688\" data-end=\"1733\">Ohne zugesetzte Aromen oder k\u00fcnstliche Inhaltsstoffe<\/p>\n<\/li>\n<\/ul>\n<h4 data-start=\"1740\" data-end=\"1768\">Zubereitungshinweise:<\/h4>\n<p data-start=\"1769\" data-end=\"1942\">Einen Teebeutel in frisch gekochtem Wasser 3\u20135 Minuten ziehen lassen. Pur genie\u00dfen oder mit einem Hauch Honig s\u00fc\u00dfen. Auch k\u00f6stlich als Chai-Latte mit warmer Milch.  <\/p>\n<h3 data-start=\"1949\" data-end=\"1975\">Warum Teeheil w\u00e4hlen?<\/h3>\n<p data-start=\"1976\" data-end=\"2194\">Bei Teeheil glauben wir, dass Tee mehr erw\u00e4rmen sollte als nur den K\u00f6rper \u2013 er sollte die Seele ber\u00fchren. Der <strong data-start=\"2066\" data-end=\"2088\">Zimt-Schwarztee <\/strong>ist f\u00fcr all jene gemacht, die kr\u00e4ftigen Geschmack, tiefen Trost und die Sch\u00f6nheit echter Gew\u00fcrze in jedem Schluck zu sch\u00e4tzen wissen.<\/p>\n","protected":false},"excerpt":{"rendered":"<p>Der Zimt-Schwarztee von Teeheil ist eine aromatisch reichhaltige Mischung, die die kr\u00e4ftige Tiefe von hochwertigem Schwarztee mit der nat\u00fcrlichen W\u00e4rme und W\u00fcrze echter Zimtrinde vereint. Er ist kr\u00e4ftig, gem\u00fctlich und perfekt f\u00fcr Momente, in denen Sie Trost mit einer w\u00fcrzigen Note suchen. Ein wohltuender Klassiker: Zimt (Cinnamomum verum) verleiht eine w\u00e4rmende, leicht s\u00fc\u00dfe W\u00fcrze, die [&hellip;]<\/p>\n","protected":false},"featured_media":253,"comment_status":"open","ping_status":"closed","template":"","meta":[],"product_brand":[],"product_cat":[43],"product_tag":[],"class_list":{"0":"post-1073","1":"product","2":"type-product","3":"status-publish","4":"has-post-thumbnail","6":"product_cat-schwarztee-mischung","8":"first","9":"instock","10":"shipping-taxable","11":"product-type-simple"},"_links":{"self":[{"href":"https:\/\/teeheil.com\/de\/wp-json\/wp\/v2\/product\/1073","targetHints":{"allow":["GET"]}}],"collection":[{"href":"https:\/\/teeheil.com\/de\/wp-json\/wp\/v2\/product"}],"about":[{"href":"https:\/\/teeheil.com\/de\/wp-json\/wp\/v2\/types\/product"}],"replies":[{"embeddable":true,"href":"https:\/\/teeheil.com\/de\/wp-json\/wp\/v2\/comments?post=1073"}],"wp:featuredmedia":[{"embeddable":true,"href":"https:\/\/teeheil.com\/de\/wp-json\/wp\/v2\/media\/253"}],"wp:attachment":[{"href":"https:\/\/teeheil.com\/de\/wp-json\/wp\/v2\/media?parent=1073"}],"wp:term":[{"taxonomy":"product_brand","embeddable":true,"href":"https:\/\/teeheil.com\/de\/wp-json\/wp\/v2\/product_brand?post=1073"},{"taxonomy":"product_cat","embeddable":true,"href":"https:\/\/teeheil.com\/de\/wp-json\/wp\/v2\/product_cat?post=1073"},{"taxonomy":"product_tag","embeddable":true,"href":"https:\/\/teeheil.com\/de\/wp-json\/wp\/v2\/product_tag?post=1073"}],"curies":[{"name":"wp","href":"https:\/\/api.w.org\/{rel}","templated":true}]}}